{"id":11,"date":"2018-10-29T09:28:12","date_gmt":"2018-10-29T08:28:12","guid":{"rendered":"http:\/\/192.168.2.12\/interna8\/sito-web\/?page_id=11"},"modified":"2023-06-28T17:27:49","modified_gmt":"2023-06-28T15:27:49","slug":"kreativitat","status":"publish","type":"page","link":"https:\/\/www.interna8.it\/de\/kreativitat","title":{"rendered":"Kreativit\u00e4t","raw":"Kreativit\u00e4t"},"content":{"rendered":"","protected":false,"raw":""},"excerpt":{"rendered":"","protected":false,"raw":""},"author":1,"featured_media":0,"parent":0,"menu_order":0,"comment_status":"closed","ping_status":"closed","template":"","meta":{"_fr_post_content":"","_fr_post_name":"creations","_fr_post_excerpt":"","_fr_post_title":"Cr\u00e9ations","_de_post_content":"","_de_post_name":"kreativitat","_de_post_excerpt":"","_de_post_title":"Kreativit\u00e4t","_es_post_content":"","_es_post_name":"creaciones","_es_post_excerpt":"","_es_post_title":"Creaciones","_en_post_content":"","_en_post_name":"creations","_en_post_excerpt":"","_en_post_title":"Creations","_it_post_content":"","_it_post_name":"creazioni","_it_post_excerpt":"","_it_post_title":"Creazioni","edit_language":"de"},"acf":[],"yoast_head":"<!-- This site is optimized with the Yoast SEO plugin v20.10 - https:\/\/yoast.com\/wordpress\/plugins\/seo\/ -->\n<title>Einrichtungsgegenst\u00e4nde mit perfekten Linien \u2013 Ausdruck einer eleganten und raffinierten Essenz | Interna 8<\/title>\n<meta name=\"robots\" content=\"index, follow, max-snippet:-1, max-image-preview:large, max-video-preview:-1\" \/>\n<link rel=\"canonical\" href=\"https:\/\/www.interna8.it\/de\/kreativitat\" \/>\n<meta property=\"og:locale\" content=\"de_DE\" \/>\n<meta property=\"og:type\" content=\"article\" \/>\n<meta property=\"og:site_name\" content=\"Interna8\" \/>\n<meta property=\"article:modified_time\" content=\"2023-06-28T15:27:49+00:00\" \/>\n<meta property=\"og:image\" content=\"https:\/\/www.interna8.it\/wp-content\/uploads\/2019\/04\/Interna8_Facebook.jpg\" \/>\n\t<meta property=\"og:image:width\" content=\"1200\" \/>\n\t<meta property=\"og:image:height\" content=\"630\" \/>\n\t<meta property=\"og:image:type\" content=\"image\/jpeg\" \/>\n<meta name=\"twitter:card\" content=\"summary_large_image\" \/>\n<script type=\"application\/ld+json\" class=\"yoast-schema-graph\">{\"@context\":\"https:\/\/schema.org\",\"@graph\":[{\"@type\":\"WebPage\",\"@id\":\"https:\/\/www.interna8.it\/de\/kreativitat\",\"url\":\"https:\/\/www.interna8.it\/de\/kreativitat\",\"name\":\"Einrichtungsgegenst\u00e4nde mit perfekten Linien \u2013 Ausdruck einer eleganten und raffinierten Essenz | Interna 8\",\"isPartOf\":{\"@id\":\"https:\/\/www.interna8.it\/en\/#website\"},\"datePublished\":\"2018-10-29T08:28:12+00:00\",\"dateModified\":\"2023-06-28T15:27:49+00:00\",\"description\":\"Jedes St\u00fcck einen eigenen kreativen Weg, der im Wohnraum m\u00fcndet. Und es erz\u00e4hlt eine Geschichte, die das Ambiente mit Charme und Pers\u00f6nlichkeit bereichert.\",\"breadcrumb\":{\"@id\":\"https:\/\/www.interna8.it\/de\/kreativitat#breadcrumb\"},\"inLanguage\":\"de-DE\",\"potentialAction\":[{\"@type\":\"ReadAction\",\"target\":[\"https:\/\/www.interna8.it\/de\/kreativitat\"]}]},{\"@type\":\"BreadcrumbList\",\"@id\":\"https:\/\/www.interna8.it\/de\/kreativitat#breadcrumb\",\"itemListElement\":[{\"@type\":\"ListItem\",\"position\":1,\"name\":\"Home\",\"item\":\"https:\/\/www.interna8.it\/en\/\"},{\"@type\":\"ListItem\",\"position\":2,\"name\":\"Creazioni\"}]},{\"@type\":\"WebSite\",\"@id\":\"https:\/\/www.interna8.it\/en\/#website\",\"url\":\"https:\/\/www.interna8.it\/en\/\",\"name\":\"Interna8\",\"description\":\"\",\"potentialAction\":[{\"@type\":\"SearchAction\",\"target\":{\"@type\":\"EntryPoint\",\"urlTemplate\":\"https:\/\/www.interna8.it\/en\/?s={search_term_string}\"},\"query-input\":\"required name=search_term_string\"}],\"inLanguage\":\"de-DE\"}]}<\/script>\n<!-- \/ Yoast SEO plugin. -->","yoast_head_json":{"title":"Einrichtungsgegenst\u00e4nde mit perfekten Linien \u2013 Ausdruck einer eleganten und raffinierten Essenz | Interna 8","robots":{"index":"index","follow":"follow","max-snippet":"max-snippet:-1","max-image-preview":"max-image-preview:large","max-video-preview":"max-video-preview:-1"},"canonical":"https:\/\/www.interna8.it\/de\/kreativitat","og_locale":"de_DE","og_type":"article","og_site_name":"Interna8","article_modified_time":"2023-06-28T15:27:49+00:00","og_image":[{"width":1200,"height":630,"url":"https:\/\/www.interna8.it\/wp-content\/uploads\/2019\/04\/Interna8_Facebook.jpg","type":"image\/jpeg"}],"twitter_card":"summary_large_image","schema":{"@context":"https:\/\/schema.org","@graph":[{"@type":"WebPage","@id":"https:\/\/www.interna8.it\/de\/kreativitat","url":"https:\/\/www.interna8.it\/de\/kreativitat","name":"Einrichtungsgegenst\u00e4nde mit perfekten Linien \u2013 Ausdruck einer eleganten und raffinierten Essenz | Interna 8","isPartOf":{"@id":"https:\/\/www.interna8.it\/en\/#website"},"datePublished":"2018-10-29T08:28:12+00:00","dateModified":"2023-06-28T15:27:49+00:00","description":"Jedes St\u00fcck einen eigenen kreativen Weg, der im Wohnraum m\u00fcndet. Und es erz\u00e4hlt eine Geschichte, die das Ambiente mit Charme und Pers\u00f6nlichkeit bereichert.","breadcrumb":{"@id":"https:\/\/www.interna8.it\/de\/kreativitat#breadcrumb"},"inLanguage":"de-DE","potentialAction":[{"@type":"ReadAction","target":["https:\/\/www.interna8.it\/de\/kreativitat"]}]},{"@type":"BreadcrumbList","@id":"https:\/\/www.interna8.it\/de\/kreativitat#breadcrumb","itemListElement":[{"@type":"ListItem","position":1,"name":"Home","item":"https:\/\/www.interna8.it\/en\/"},{"@type":"ListItem","position":2,"name":"Creazioni"}]},{"@type":"WebSite","@id":"https:\/\/www.interna8.it\/en\/#website","url":"https:\/\/www.interna8.it\/en\/","name":"Interna8","description":"","potentialAction":[{"@type":"SearchAction","target":{"@type":"EntryPoint","urlTemplate":"https:\/\/www.interna8.it\/en\/?s={search_term_string}"},"query-input":"required name=search_term_string"}],"inLanguage":"de-DE"}]}},"_links":{"self":[{"href":"https:\/\/www.interna8.it\/de\/wp-json\/wp\/v2\/pages\/11"}],"collection":[{"href":"https:\/\/www.interna8.it\/de\/wp-json\/wp\/v2\/pages"}],"about":[{"href":"https:\/\/www.interna8.it\/de\/wp-json\/wp\/v2\/types\/page"}],"author":[{"embeddable":true,"href":"https:\/\/www.interna8.it\/de\/wp-json\/wp\/v2\/users\/1"}],"replies":[{"embeddable":true,"href":"https:\/\/www.interna8.it\/de\/wp-json\/wp\/v2\/comments?post=11"}],"version-history":[{"count":1,"href":"https:\/\/www.interna8.it\/de\/wp-json\/wp\/v2\/pages\/11\/revisions"}],"predecessor-version":[{"id":12,"href":"https:\/\/www.interna8.it\/de\/wp-json\/wp\/v2\/pages\/11\/revisions\/12"}],"wp:attachment":[{"href":"https:\/\/www.interna8.it\/de\/wp-json\/wp\/v2\/media?parent=11"}],"curies":[{"name":"wp","href":"https:\/\/api.w.org\/{rel}","templated":true}]}}